{"id":45,"date":"2024-07-03T14:10:11","date_gmt":"2024-07-03T14:10:11","guid":{"rendered":"https:\/\/blog.grupoenertel.com\/?page_id=45"},"modified":"2024-08-02T15:55:33","modified_gmt":"2024-08-02T15:55:33","slug":"nosotros","status":"publish","type":"page","link":"https:\/\/blog.grupoenertel.com\/?page_id=45","title":{"rendered":"Nosotros"},"content":{"rendered":"\t\t<div data-elementor-type=\"wp-page\" data-elementor-id=\"45\" class=\"elementor elementor-45\" data-elementor-post-type=\"page\">\n\t\t\t\t<div class=\"elementor-element elementor-element-1ee3ef7b e-flex e-con-boxed e-con e-parent\" data-id=\"1ee3ef7b\" data-element_type=\"container\">\n\t\t\t\t\t<div class=\"e-con-inner\">\n\t\t<div class=\"elementor-element elementor-element-1e463f6b e-con-full e-flex e-con e-parent\" data-id=\"1e463f6b\" data-element_type=\"container\">\n\t\t\t\t<div class=\"elementor-element elementor-element-6c43b2c0 elementor-widget elementor-widget-heading\" data-id=\"6c43b2c0\" data-element_type=\"widget\" data-widget_type=\"heading.default\">\n\t\t\t\t<div class=\"elementor-widget-container\">\n\t\t\t\t\t<h1 class=\"elementor-heading-title elementor-size-default\">About Me<\/h1>\t\t\t\t<\/div>\n\t\t\t\t<\/div>\n\t\t\t\t<div class=\"elementor-element elementor-element-3e9b66bb elementor-widget elementor-widget-text-editor\" data-id=\"3e9b66bb\" data-element_type=\"widget\" data-widget_type=\"text-editor.default\">\n\t\t\t\t<div class=\"elementor-widget-container\">\n\t\t\t\t\t\t\t\t\t<p>Use this section to describe yourself and the topic of your blog. You could share your story, why you started the blog, and the value your visitor will gain from it. The goal is to get the visitor to stick around!<\/p><p><br \/>Lorem ipsum dolor sit amet, consectetur adipiscing elit. Maecenas placerat erat eget elit tincidunt, molestie lacinia felis pellentesque. Sed sit amet urna at ligula porta sollicitudin.<\/p>\t\t\t\t\t\t\t\t<\/div>\n\t\t\t\t<\/div>\n\t\t\t\t<\/div>\n\t\t<div class=\"elementor-element elementor-element-50adc97c e-con-full e-flex e-con e-parent\" data-id=\"50adc97c\" data-element_type=\"container\" data-settings=\"{&quot;background_background&quot;:&quot;classic&quot;,&quot;background_motion_fx_motion_fx_scrolling&quot;:&quot;yes&quot;,&quot;background_motion_fx_devices&quot;:[&quot;desktop&quot;,&quot;tablet&quot;,&quot;mobile&quot;]}\">\n\t\t\t\t<\/div>\n\t\t\t\t\t<\/div>\n\t\t\t\t<\/div>\n\t\t<div class=\"elementor-element elementor-element-2987d1c3 e-flex e-con-boxed e-con e-parent\" data-id=\"2987d1c3\" data-element_type=\"container\">\n\t\t\t\t\t<div class=\"e-con-inner\">\n\t\t\t\t<div class=\"elementor-element elementor-element-3f1cefcc elementor-widget elementor-widget-heading\" data-id=\"3f1cefcc\" data-element_type=\"widget\" data-widget_type=\"heading.default\">\n\t\t\t\t<div class=\"elementor-widget-container\">\n\t\t\t\t\t<h2 class=\"elementor-heading-title elementor-size-default\">Popular Posts:<\/h2>\t\t\t\t<\/div>\n\t\t\t\t<\/div>\n\t\t\t\t<div class=\"elementor-element elementor-element-5279ed97 elementor-posts__hover-none elementor-grid-3 elementor-grid-tablet-2 elementor-grid-mobile-1 elementor-posts--thumbnail-top elementor-widget elementor-widget-posts\" data-id=\"5279ed97\" data-element_type=\"widget\" data-settings=\"{&quot;cards_row_gap&quot;:{&quot;unit&quot;:&quot;px&quot;,&quot;size&quot;:80,&quot;sizes&quot;:[]},&quot;cards_row_gap_tablet&quot;:{&quot;unit&quot;:&quot;px&quot;,&quot;size&quot;:71,&quot;sizes&quot;:[]},&quot;cards_row_gap_mobile&quot;:{&quot;unit&quot;:&quot;px&quot;,&quot;size&quot;:30,&quot;sizes&quot;:[]},&quot;cards_columns&quot;:&quot;3&quot;,&quot;cards_columns_tablet&quot;:&quot;2&quot;,&quot;cards_columns_mobile&quot;:&quot;1&quot;}\" data-widget_type=\"posts.cards\">\n\t\t\t\t<div class=\"elementor-widget-container\">\n\t\t\t\t\t\t\t<div class=\"elementor-posts-container elementor-posts elementor-posts--skin-cards elementor-grid\">\n\t\t\t\t<article class=\"elementor-post elementor-grid-item post-161 post type-post status-publish format-standard has-post-thumbnail hentry category-blog\">\n\t\t\t<div class=\"elementor-post__card\">\n\t\t\t\t<a class=\"elementor-post__thumbnail__link\" href=\"https:\/\/blog.grupoenertel.com\/?p=161\" tabindex=\"-1\" ><div class=\"elementor-post__thumbnail\"><img fetchpriority=\"high\" decoding=\"async\" width=\"1080\" height=\"1080\" src=\"https:\/\/blog.grupoenertel.com\/wp-content\/uploads\/2024\/10\/Grupo-Enertel-6.png\" class=\"attachment-full size-full wp-image-162\" alt=\"\" srcset=\"https:\/\/blog.grupoenertel.com\/wp-content\/uploads\/2024\/10\/Grupo-Enertel-6.png 1080w, https:\/\/blog.grupoenertel.com\/wp-content\/uploads\/2024\/10\/Grupo-Enertel-6-300x300.png 300w, https:\/\/blog.grupoenertel.com\/wp-content\/uploads\/2024\/10\/Grupo-Enertel-6-1024x1024.png 1024w, https:\/\/blog.grupoenertel.com\/wp-content\/uploads\/2024\/10\/Grupo-Enertel-6-150x150.png 150w, https:\/\/blog.grupoenertel.com\/wp-content\/uploads\/2024\/10\/Grupo-Enertel-6-768x768.png 768w, https:\/\/blog.grupoenertel.com\/wp-content\/uploads\/2024\/10\/Grupo-Enertel-6-12x12.png 12w\" sizes=\"(max-width: 1080px) 100vw, 1080px\" \/><\/div><\/a>\n\t\t\t\t<div class=\"elementor-post__text\">\n\t\t\t\t<h4 class=\"elementor-post__title\">\n\t\t\t<a href=\"https:\/\/blog.grupoenertel.com\/?p=161\" >\n\t\t\t\tLa Fibra \u00d3ptica para Empresas: Velocidad, Conectividad y Soluciones Integrales\t\t\t<\/a>\n\t\t<\/h4>\n\t\t\t\t<div class=\"elementor-post__excerpt\">\n\t\t\t<p>En el mundo empresarial actual, una conexi\u00f3n r\u00e1pida y estable es fundamental para el buen funcionamiento de cualquier negocio. En<\/p>\n\t\t<\/div>\n\t\t\n\t\t<a class=\"elementor-post__read-more\" href=\"https:\/\/blog.grupoenertel.com\/?p=161\" aria-label=\"M\u00e1s informaci\u00f3n sobre La Fibra \u00d3ptica para Empresas: Velocidad, Conectividad y Soluciones Integrales\" tabindex=\"-1\" >\n\t\t\tRead More\t\t<\/a>\n\n\t\t\t\t<\/div>\n\t\t\t\t\t<\/div>\n\t\t<\/article>\n\t\t\t\t<article class=\"elementor-post elementor-grid-item post-158 post type-post status-publish format-standard has-post-thumbnail hentry category-blog\">\n\t\t\t<div class=\"elementor-post__card\">\n\t\t\t\t<a class=\"elementor-post__thumbnail__link\" href=\"https:\/\/blog.grupoenertel.com\/?p=158\" tabindex=\"-1\" ><div class=\"elementor-post__thumbnail\"><img decoding=\"async\" width=\"1080\" height=\"1080\" src=\"https:\/\/blog.grupoenertel.com\/wp-content\/uploads\/2024\/09\/Grupo-Enertel-1-1.png\" class=\"attachment-full size-full wp-image-160\" alt=\"\" srcset=\"https:\/\/blog.grupoenertel.com\/wp-content\/uploads\/2024\/09\/Grupo-Enertel-1-1.png 1080w, https:\/\/blog.grupoenertel.com\/wp-content\/uploads\/2024\/09\/Grupo-Enertel-1-1-300x300.png 300w, https:\/\/blog.grupoenertel.com\/wp-content\/uploads\/2024\/09\/Grupo-Enertel-1-1-1024x1024.png 1024w, https:\/\/blog.grupoenertel.com\/wp-content\/uploads\/2024\/09\/Grupo-Enertel-1-1-150x150.png 150w, https:\/\/blog.grupoenertel.com\/wp-content\/uploads\/2024\/09\/Grupo-Enertel-1-1-768x768.png 768w, https:\/\/blog.grupoenertel.com\/wp-content\/uploads\/2024\/09\/Grupo-Enertel-1-1-12x12.png 12w\" sizes=\"(max-width: 1080px) 100vw, 1080px\" \/><\/div><\/a>\n\t\t\t\t<div class=\"elementor-post__text\">\n\t\t\t\t<h4 class=\"elementor-post__title\">\n\t\t\t<a href=\"https:\/\/blog.grupoenertel.com\/?p=158\" >\n\t\t\t\tSoluciones Digitales para empresas\t\t\t<\/a>\n\t\t<\/h4>\n\t\t\t\t<div class=\"elementor-post__excerpt\">\n\t\t\t<p>En un entorno empresarial cada vez m\u00e1s digital, contar con las herramientas adecuadas para mantener la productividad, proteger los datos<\/p>\n\t\t<\/div>\n\t\t\n\t\t<a class=\"elementor-post__read-more\" href=\"https:\/\/blog.grupoenertel.com\/?p=158\" aria-label=\"M\u00e1s informaci\u00f3n sobre Soluciones Digitales para empresas\" tabindex=\"-1\" >\n\t\t\tRead More\t\t<\/a>\n\n\t\t\t\t<\/div>\n\t\t\t\t\t<\/div>\n\t\t<\/article>\n\t\t\t\t<article class=\"elementor-post elementor-grid-item post-155 post type-post status-publish format-standard has-post-thumbnail hentry category-blog\">\n\t\t\t<div class=\"elementor-post__card\">\n\t\t\t\t<a class=\"elementor-post__thumbnail__link\" href=\"https:\/\/blog.grupoenertel.com\/?p=155\" tabindex=\"-1\" ><div class=\"elementor-post__thumbnail\"><img decoding=\"async\" width=\"1080\" height=\"1080\" src=\"https:\/\/blog.grupoenertel.com\/wp-content\/uploads\/2024\/09\/Grupo-Enertel-3.png\" class=\"attachment-full size-full wp-image-156\" alt=\"\" srcset=\"https:\/\/blog.grupoenertel.com\/wp-content\/uploads\/2024\/09\/Grupo-Enertel-3.png 1080w, https:\/\/blog.grupoenertel.com\/wp-content\/uploads\/2024\/09\/Grupo-Enertel-3-300x300.png 300w, https:\/\/blog.grupoenertel.com\/wp-content\/uploads\/2024\/09\/Grupo-Enertel-3-1024x1024.png 1024w, https:\/\/blog.grupoenertel.com\/wp-content\/uploads\/2024\/09\/Grupo-Enertel-3-150x150.png 150w, https:\/\/blog.grupoenertel.com\/wp-content\/uploads\/2024\/09\/Grupo-Enertel-3-768x768.png 768w, https:\/\/blog.grupoenertel.com\/wp-content\/uploads\/2024\/09\/Grupo-Enertel-3-12x12.png 12w\" sizes=\"(max-width: 1080px) 100vw, 1080px\" \/><\/div><\/a>\n\t\t\t\t<div class=\"elementor-post__text\">\n\t\t\t\t<h4 class=\"elementor-post__title\">\n\t\t\t<a href=\"https:\/\/blog.grupoenertel.com\/?p=155\" >\n\t\t\t\tConectividad y seguridad para pymes con Grupo Enertel y Vodafone Empresas\u00a0\t\t\t<\/a>\n\t\t<\/h4>\n\t\t\t\t<div class=\"elementor-post__excerpt\">\n\t\t\t<p>En la era digital, la conectividad y la seguridad tecnol\u00f3gica se han convertido en pilares fundamentales para el \u00e9xito de<\/p>\n\t\t<\/div>\n\t\t\n\t\t<a class=\"elementor-post__read-more\" href=\"https:\/\/blog.grupoenertel.com\/?p=155\" aria-label=\"M\u00e1s informaci\u00f3n sobre Conectividad y seguridad para pymes con Grupo Enertel y Vodafone Empresas\u00a0\" tabindex=\"-1\" >\n\t\t\tRead More\t\t<\/a>\n\n\t\t\t\t<\/div>\n\t\t\t\t\t<\/div>\n\t\t<\/article>\n\t\t\t\t<\/div>\n\t\t\n\t\t\t\t\t\t<\/div>\n\t\t\t\t<\/div>\n\t\t\t\t\t<\/div>\n\t\t\t\t<\/div>\n\t\t\t\t<\/div>\n\t\t","protected":false},"excerpt":{"rendered":"<p>About Me Use this section to describe yourself and the topic of your blog. You could share your story, why you started the blog, and the value your visitor will gain from it. The goal is to get the visitor to stick around! Lorem ipsum dolor sit amet, consectetur adipiscing elit. Maecenas placerat erat eget [&hellip;]<\/p>\n","protected":false},"author":1,"featured_media":0,"parent":0,"menu_order":0,"comment_status":"closed","ping_status":"closed","template":"elementor_header_footer","meta":{"footnotes":""},"class_list":["post-45","page","type-page","status-publish","hentry"],"_links":{"self":[{"href":"https:\/\/blog.grupoenertel.com\/index.php?rest_route=\/wp\/v2\/pages\/45","targetHints":{"allow":["GET"]}}],"collection":[{"href":"https:\/\/blog.grupoenertel.com\/index.php?rest_route=\/wp\/v2\/pages"}],"about":[{"href":"https:\/\/blog.grupoenertel.com\/index.php?rest_route=\/wp\/v2\/types\/page"}],"author":[{"embeddable":true,"href":"https:\/\/blog.grupoenertel.com\/index.php?rest_route=\/wp\/v2\/users\/1"}],"replies":[{"embeddable":true,"href":"https:\/\/blog.grupoenertel.com\/index.php?rest_route=%2Fwp%2Fv2%2Fcomments&post=45"}],"version-history":[{"count":5,"href":"https:\/\/blog.grupoenertel.com\/index.php?rest_route=\/wp\/v2\/pages\/45\/revisions"}],"predecessor-version":[{"id":111,"href":"https:\/\/blog.grupoenertel.com\/index.php?rest_route=\/wp\/v2\/pages\/45\/revisions\/111"}],"wp:attachment":[{"href":"https:\/\/blog.grupoenertel.com\/index.php?rest_route=%2Fwp%2Fv2%2Fmedia&parent=45"}],"curies":[{"name":"wp","href":"https:\/\/api.w.org\/{rel}","templated":true}]}}