{"id":42,"date":"2024-07-03T14:10:11","date_gmt":"2024-07-03T14:10:11","guid":{"rendered":"https:\/\/blog.grupoenertel.com\/?page_id=42"},"modified":"2024-08-02T16:10:54","modified_gmt":"2024-08-02T16:10:54","slug":"inicio","status":"publish","type":"page","link":"https:\/\/blog.grupoenertel.com\/","title":{"rendered":"Inicio"},"content":{"rendered":"\t\t<div data-elementor-type=\"wp-page\" data-elementor-id=\"42\" class=\"elementor elementor-42\" data-elementor-post-type=\"page\">\n\t\t\t\t<div class=\"elementor-element elementor-element-162b8e05 e-flex e-con-boxed e-con e-parent\" data-id=\"162b8e05\" data-element_type=\"container\">\n\t\t\t\t\t<div class=\"e-con-inner\">\n\t\t\t\t<div class=\"elementor-element elementor-element-18b15f41 elementor-widget elementor-widget-heading\" data-id=\"18b15f41\" data-element_type=\"widget\" data-widget_type=\"heading.default\">\n\t\t\t\t<div class=\"elementor-widget-container\">\n\t\t\t\t\t<h1 class=\"elementor-heading-title elementor-size-default\">Novedades Enertel<\/h1>\t\t\t\t<\/div>\n\t\t\t\t<\/div>\n\t\t\t\t<div class=\"elementor-element elementor-element-4ea742be elementor-widget__width-initial elementor-widget-mobile__width-inherit elementor-widget elementor-widget-text-editor\" data-id=\"4ea742be\" data-element_type=\"widget\" data-widget_type=\"text-editor.default\">\n\t\t\t\t<div class=\"elementor-widget-container\">\n\t\t\t\t\t\t\t\t\t<p>Mantente informado siempre con nuestras novedades ofertas y art\u00edculos de inter\u00e9s.<\/p>\t\t\t\t\t\t\t\t<\/div>\n\t\t\t\t<\/div>\n\t\t\t\t\t<\/div>\n\t\t\t\t<\/div>\n\t\t<div class=\"elementor-element elementor-element-51ff8d58 e-flex e-con-boxed e-con e-parent\" data-id=\"51ff8d58\" data-element_type=\"container\">\n\t\t\t\t\t<div class=\"e-con-inner\">\n\t\t\t\t<div class=\"elementor-element elementor-element-173bea45 elementor-widget elementor-widget-heading\" data-id=\"173bea45\" data-element_type=\"widget\" data-widget_type=\"heading.default\">\n\t\t\t\t<div class=\"elementor-widget-container\">\n\t\t\t\t\t<h2 class=\"elementor-heading-title elementor-size-default\">Popular Posts:<\/h2>\t\t\t\t<\/div>\n\t\t\t\t<\/div>\n\t\t\t\t<div class=\"elementor-element elementor-element-51f43048 elementor-posts__hover-none elementor-grid-2 elementor-grid-tablet-2 elementor-grid-mobile-1 elementor-posts--thumbnail-top elementor-widget elementor-widget-posts\" data-id=\"51f43048\" data-element_type=\"widget\" data-settings=\"{&quot;cards_row_gap&quot;:{&quot;unit&quot;:&quot;px&quot;,&quot;size&quot;:80,&quot;sizes&quot;:[]},&quot;cards_row_gap_tablet&quot;:{&quot;unit&quot;:&quot;px&quot;,&quot;size&quot;:71,&quot;sizes&quot;:[]},&quot;cards_row_gap_mobile&quot;:{&quot;unit&quot;:&quot;px&quot;,&quot;size&quot;:30,&quot;sizes&quot;:[]},&quot;cards_columns&quot;:&quot;2&quot;,&quot;cards_columns_tablet&quot;:&quot;2&quot;,&quot;cards_columns_mobile&quot;:&quot;1&quot;}\" data-widget_type=\"posts.cards\">\n\t\t\t\t<div class=\"elementor-widget-container\">\n\t\t\t\t\t\t\t<div class=\"elementor-posts-container elementor-posts elementor-posts--skin-cards elementor-grid\">\n\t\t\t\t<article class=\"elementor-post elementor-grid-item post-161 post type-post status-publish format-standard has-post-thumbnail hentry category-blog\">\n\t\t\t<div class=\"elementor-post__card\">\n\t\t\t\t<a class=\"elementor-post__thumbnail__link\" href=\"https:\/\/blog.grupoenertel.com\/?p=161\" tabindex=\"-1\" ><div class=\"elementor-post__thumbnail\"><img fetchpriority=\"high\" decoding=\"async\" width=\"1080\" height=\"1080\" src=\"https:\/\/blog.grupoenertel.com\/wp-content\/uploads\/2024\/10\/Grupo-Enertel-6.png\" class=\"attachment-full size-full wp-image-162\" alt=\"\" srcset=\"https:\/\/blog.grupoenertel.com\/wp-content\/uploads\/2024\/10\/Grupo-Enertel-6.png 1080w, https:\/\/blog.grupoenertel.com\/wp-content\/uploads\/2024\/10\/Grupo-Enertel-6-300x300.png 300w, https:\/\/blog.grupoenertel.com\/wp-content\/uploads\/2024\/10\/Grupo-Enertel-6-1024x1024.png 1024w, https:\/\/blog.grupoenertel.com\/wp-content\/uploads\/2024\/10\/Grupo-Enertel-6-150x150.png 150w, https:\/\/blog.grupoenertel.com\/wp-content\/uploads\/2024\/10\/Grupo-Enertel-6-768x768.png 768w, https:\/\/blog.grupoenertel.com\/wp-content\/uploads\/2024\/10\/Grupo-Enertel-6-12x12.png 12w\" sizes=\"(max-width: 1080px) 100vw, 1080px\" \/><\/div><\/a>\n\t\t\t\t<div class=\"elementor-post__text\">\n\t\t\t\t<h4 class=\"elementor-post__title\">\n\t\t\t<a href=\"https:\/\/blog.grupoenertel.com\/?p=161\" >\n\t\t\t\tLa Fibra \u00d3ptica para Empresas: Velocidad, Conectividad y Soluciones Integrales\t\t\t<\/a>\n\t\t<\/h4>\n\t\t\t\t<div class=\"elementor-post__excerpt\">\n\t\t\t<p>En el mundo empresarial actual, una conexi\u00f3n r\u00e1pida y estable es fundamental para el buen funcionamiento de cualquier negocio. En<\/p>\n\t\t<\/div>\n\t\t\n\t\t<a class=\"elementor-post__read-more\" href=\"https:\/\/blog.grupoenertel.com\/?p=161\" aria-label=\"M\u00e1s informaci\u00f3n sobre La Fibra \u00d3ptica para Empresas: Velocidad, Conectividad y Soluciones Integrales\" tabindex=\"-1\" >\n\t\t\tRead More\t\t<\/a>\n\n\t\t\t\t<\/div>\n\t\t\t\t\t<\/div>\n\t\t<\/article>\n\t\t\t\t<article class=\"elementor-post elementor-grid-item post-158 post type-post status-publish format-standard has-post-thumbnail hentry category-blog\">\n\t\t\t<div class=\"elementor-post__card\">\n\t\t\t\t<a class=\"elementor-post__thumbnail__link\" href=\"https:\/\/blog.grupoenertel.com\/?p=158\" tabindex=\"-1\" ><div class=\"elementor-post__thumbnail\"><img decoding=\"async\" width=\"1080\" height=\"1080\" src=\"https:\/\/blog.grupoenertel.com\/wp-content\/uploads\/2024\/09\/Grupo-Enertel-1-1.png\" class=\"attachment-full size-full wp-image-160\" alt=\"\" srcset=\"https:\/\/blog.grupoenertel.com\/wp-content\/uploads\/2024\/09\/Grupo-Enertel-1-1.png 1080w, https:\/\/blog.grupoenertel.com\/wp-content\/uploads\/2024\/09\/Grupo-Enertel-1-1-300x300.png 300w, https:\/\/blog.grupoenertel.com\/wp-content\/uploads\/2024\/09\/Grupo-Enertel-1-1-1024x1024.png 1024w, https:\/\/blog.grupoenertel.com\/wp-content\/uploads\/2024\/09\/Grupo-Enertel-1-1-150x150.png 150w, https:\/\/blog.grupoenertel.com\/wp-content\/uploads\/2024\/09\/Grupo-Enertel-1-1-768x768.png 768w, https:\/\/blog.grupoenertel.com\/wp-content\/uploads\/2024\/09\/Grupo-Enertel-1-1-12x12.png 12w\" sizes=\"(max-width: 1080px) 100vw, 1080px\" \/><\/div><\/a>\n\t\t\t\t<div class=\"elementor-post__text\">\n\t\t\t\t<h4 class=\"elementor-post__title\">\n\t\t\t<a href=\"https:\/\/blog.grupoenertel.com\/?p=158\" >\n\t\t\t\tSoluciones Digitales para empresas\t\t\t<\/a>\n\t\t<\/h4>\n\t\t\t\t<div class=\"elementor-post__excerpt\">\n\t\t\t<p>En un entorno empresarial cada vez m\u00e1s digital, contar con las herramientas adecuadas para mantener la productividad, proteger los datos<\/p>\n\t\t<\/div>\n\t\t\n\t\t<a class=\"elementor-post__read-more\" href=\"https:\/\/blog.grupoenertel.com\/?p=158\" aria-label=\"M\u00e1s informaci\u00f3n sobre Soluciones Digitales para empresas\" tabindex=\"-1\" >\n\t\t\tRead More\t\t<\/a>\n\n\t\t\t\t<\/div>\n\t\t\t\t\t<\/div>\n\t\t<\/article>\n\t\t\t\t<\/div>\n\t\t\n\t\t\t\t\t\t<\/div>\n\t\t\t\t<\/div>\n\t\t\t\t\t<\/div>\n\t\t\t\t<\/div>\n\t\t<div class=\"elementor-element elementor-element-6e0ca9e6 e-flex e-con-boxed e-con e-parent\" data-id=\"6e0ca9e6\" data-element_type=\"container\">\n\t\t\t\t\t<div class=\"e-con-inner\">\n\t\t<div class=\"elementor-element elementor-element-6d6237bb e-flex e-con-boxed e-con e-child\" data-id=\"6d6237bb\" data-element_type=\"container\" data-settings=\"{&quot;background_background&quot;:&quot;classic&quot;}\">\n\t\t\t\t\t<div class=\"e-con-inner\">\n\t\t\t\t<div class=\"elementor-element elementor-element-529eb2dc elementor-widget elementor-widget-heading\" data-id=\"529eb2dc\" data-element_type=\"widget\" data-widget_type=\"heading.default\">\n\t\t\t\t<div class=\"elementor-widget-container\">\n\t\t\t\t\t<h2 class=\"elementor-heading-title elementor-size-default\">Suscr\u00edbase a nuestro bolet\u00edn para estar al d\u00eda<\/h2>\t\t\t\t<\/div>\n\t\t\t\t<\/div>\n\t\t\t\t<div class=\"elementor-element elementor-element-795471e7 elementor-button-align-stretch elementor-widget elementor-widget-form\" data-id=\"795471e7\" data-element_type=\"widget\" data-settings=\"{&quot;button_width&quot;:&quot;40&quot;,&quot;button_width_tablet&quot;:&quot;40&quot;,&quot;step_type&quot;:&quot;number_text&quot;,&quot;step_icon_shape&quot;:&quot;circle&quot;}\" data-widget_type=\"form.default\">\n\t\t\t\t<div class=\"elementor-widget-container\">\n\t\t\t\t\t\t\t<form class=\"elementor-form\" method=\"post\" name=\"Newsletter Form\">\n\t\t\t<input type=\"hidden\" name=\"post_id\" value=\"42\"\/>\n\t\t\t<input type=\"hidden\" name=\"form_id\" value=\"795471e7\"\/>\n\t\t\t<input type=\"hidden\" name=\"referer_title\" value=\"\" \/>\n\n\t\t\t\t\t\t\t<input type=\"hidden\" name=\"queried_id\" value=\"42\"\/>\n\t\t\t\n\t\t\t<div class=\"elementor-form-fields-wrapper elementor-labels-\">\n\t\t\t\t\t\t\t\t<div class=\"elementor-field-type-email elementor-field-group elementor-column elementor-field-group-email elementor-col-60 elementor-md-60 elementor-field-required\">\n\t\t\t\t\t\t\t\t\t\t\t\t<label for=\"form-field-email\" class=\"elementor-field-label elementor-screen-only\">\n\t\t\t\t\t\t\t\tEmail\t\t\t\t\t\t\t<\/label>\n\t\t\t\t\t\t\t\t\t\t\t\t\t\t<input size=\"1\" type=\"email\" name=\"form_fields[email]\" id=\"form-field-email\" class=\"elementor-field elementor-size-md  elementor-field-textual\" placeholder=\"Email\" required=\"required\">\n\t\t\t\t\t\t\t\t\t\t\t<\/div>\n\t\t\t\t\t\t\t\t<div class=\"elementor-field-type-recaptcha_v3 elementor-field-group elementor-column elementor-field-group-field_a2d0665 elementor-col-100 recaptcha_v3-bottomright\">\n\t\t\t\t\t<div class=\"elementor-field\" id=\"form-field-field_a2d0665\"><div class=\"elementor-g-recaptcha\" data-sitekey=\"6Lf8EtwpAAAAANBC1YUicXOenruC2p6XntpYwzv1\" data-type=\"v3\" data-action=\"Form\" data-badge=\"bottomright\" data-size=\"invisible\"><\/div><\/div>\t\t\t\t<\/div>\n\t\t\t\t\t\t\t\t<div class=\"elementor-field-group elementor-column elementor-field-type-submit elementor-col-40 e-form__buttons elementor-md-40\">\n\t\t\t\t\t<button class=\"elementor-button elementor-size-md\" type=\"submit\">\n\t\t\t\t\t\t<span class=\"elementor-button-content-wrapper\">\n\t\t\t\t\t\t\t\t\t\t\t\t\t\t\t\t\t\t\t\t\t\t<span class=\"elementor-button-text\">Suscribirse<\/span>\n\t\t\t\t\t\t\t\t\t\t\t\t\t<\/span>\n\t\t\t\t\t<\/button>\n\t\t\t\t<\/div>\n\t\t\t<\/div>\n\t\t<\/form>\n\t\t\t\t\t\t<\/div>\n\t\t\t\t<\/div>\n\t\t\t\t\t<\/div>\n\t\t\t\t<\/div>\n\t\t\t\t\t<\/div>\n\t\t\t\t<\/div>\n\t\t<div class=\"elementor-element elementor-element-30900655 e-flex e-con-boxed e-con e-parent\" data-id=\"30900655\" data-element_type=\"container\">\n\t\t\t\t\t<div class=\"e-con-inner\">\n\t\t\t\t<div class=\"elementor-element elementor-element-461121e5 elementor-widget elementor-widget-heading\" data-id=\"461121e5\" data-element_type=\"widget\" data-widget_type=\"heading.default\">\n\t\t\t\t<div class=\"elementor-widget-container\">\n\t\t\t\t\t<h2 class=\"elementor-heading-title elementor-size-default\">Publicaciones recientes:<\/h2>\t\t\t\t<\/div>\n\t\t\t\t<\/div>\n\t\t\t\t<div class=\"elementor-element elementor-element-6da1e983 elementor-posts__hover-none elementor-grid-3 elementor-grid-tablet-2 elementor-grid-mobile-1 elementor-posts--thumbnail-top elementor-widget elementor-widget-posts\" data-id=\"6da1e983\" data-element_type=\"widget\" data-settings=\"{&quot;cards_row_gap&quot;:{&quot;unit&quot;:&quot;px&quot;,&quot;size&quot;:80,&quot;sizes&quot;:[]},&quot;cards_row_gap_tablet&quot;:{&quot;unit&quot;:&quot;px&quot;,&quot;size&quot;:71,&quot;sizes&quot;:[]},&quot;cards_row_gap_mobile&quot;:{&quot;unit&quot;:&quot;px&quot;,&quot;size&quot;:30,&quot;sizes&quot;:[]},&quot;cards_columns&quot;:&quot;3&quot;,&quot;cards_columns_tablet&quot;:&quot;2&quot;,&quot;cards_columns_mobile&quot;:&quot;1&quot;}\" data-widget_type=\"posts.cards\">\n\t\t\t\t<div class=\"elementor-widget-container\">\n\t\t\t\t\t\t\t<div class=\"elementor-posts-container elementor-posts elementor-posts--skin-cards elementor-grid\">\n\t\t\t\t<article class=\"elementor-post elementor-grid-item post-161 post type-post status-publish format-standard has-post-thumbnail hentry category-blog\">\n\t\t\t<div class=\"elementor-post__card\">\n\t\t\t\t<a class=\"elementor-post__thumbnail__link\" href=\"https:\/\/blog.grupoenertel.com\/?p=161\" tabindex=\"-1\" ><div class=\"elementor-post__thumbnail\"><img fetchpriority=\"high\" decoding=\"async\" width=\"1080\" height=\"1080\" src=\"https:\/\/blog.grupoenertel.com\/wp-content\/uploads\/2024\/10\/Grupo-Enertel-6.png\" class=\"attachment-full size-full wp-image-162\" alt=\"\" srcset=\"https:\/\/blog.grupoenertel.com\/wp-content\/uploads\/2024\/10\/Grupo-Enertel-6.png 1080w, https:\/\/blog.grupoenertel.com\/wp-content\/uploads\/2024\/10\/Grupo-Enertel-6-300x300.png 300w, https:\/\/blog.grupoenertel.com\/wp-content\/uploads\/2024\/10\/Grupo-Enertel-6-1024x1024.png 1024w, https:\/\/blog.grupoenertel.com\/wp-content\/uploads\/2024\/10\/Grupo-Enertel-6-150x150.png 150w, https:\/\/blog.grupoenertel.com\/wp-content\/uploads\/2024\/10\/Grupo-Enertel-6-768x768.png 768w, https:\/\/blog.grupoenertel.com\/wp-content\/uploads\/2024\/10\/Grupo-Enertel-6-12x12.png 12w\" sizes=\"(max-width: 1080px) 100vw, 1080px\" \/><\/div><\/a>\n\t\t\t\t<div class=\"elementor-post__text\">\n\t\t\t\t<h4 class=\"elementor-post__title\">\n\t\t\t<a href=\"https:\/\/blog.grupoenertel.com\/?p=161\" >\n\t\t\t\tLa Fibra \u00d3ptica para Empresas: Velocidad, Conectividad y Soluciones Integrales\t\t\t<\/a>\n\t\t<\/h4>\n\t\t\t\t<div class=\"elementor-post__excerpt\">\n\t\t\t<p>En el mundo empresarial actual, una conexi\u00f3n r\u00e1pida y estable es fundamental para el buen funcionamiento de cualquier negocio. En<\/p>\n\t\t<\/div>\n\t\t\n\t\t<a class=\"elementor-post__read-more\" href=\"https:\/\/blog.grupoenertel.com\/?p=161\" aria-label=\"M\u00e1s informaci\u00f3n sobre La Fibra \u00d3ptica para Empresas: Velocidad, Conectividad y Soluciones Integrales\" tabindex=\"-1\" >\n\t\t\tSeguir Leyendo\t\t<\/a>\n\n\t\t\t\t<\/div>\n\t\t\t\t\t<\/div>\n\t\t<\/article>\n\t\t\t\t<article class=\"elementor-post elementor-grid-item post-158 post type-post status-publish format-standard has-post-thumbnail hentry category-blog\">\n\t\t\t<div class=\"elementor-post__card\">\n\t\t\t\t<a class=\"elementor-post__thumbnail__link\" href=\"https:\/\/blog.grupoenertel.com\/?p=158\" tabindex=\"-1\" ><div class=\"elementor-post__thumbnail\"><img decoding=\"async\" width=\"1080\" height=\"1080\" src=\"https:\/\/blog.grupoenertel.com\/wp-content\/uploads\/2024\/09\/Grupo-Enertel-1-1.png\" class=\"attachment-full size-full wp-image-160\" alt=\"\" srcset=\"https:\/\/blog.grupoenertel.com\/wp-content\/uploads\/2024\/09\/Grupo-Enertel-1-1.png 1080w, https:\/\/blog.grupoenertel.com\/wp-content\/uploads\/2024\/09\/Grupo-Enertel-1-1-300x300.png 300w, https:\/\/blog.grupoenertel.com\/wp-content\/uploads\/2024\/09\/Grupo-Enertel-1-1-1024x1024.png 1024w, https:\/\/blog.grupoenertel.com\/wp-content\/uploads\/2024\/09\/Grupo-Enertel-1-1-150x150.png 150w, https:\/\/blog.grupoenertel.com\/wp-content\/uploads\/2024\/09\/Grupo-Enertel-1-1-768x768.png 768w, https:\/\/blog.grupoenertel.com\/wp-content\/uploads\/2024\/09\/Grupo-Enertel-1-1-12x12.png 12w\" sizes=\"(max-width: 1080px) 100vw, 1080px\" \/><\/div><\/a>\n\t\t\t\t<div class=\"elementor-post__text\">\n\t\t\t\t<h4 class=\"elementor-post__title\">\n\t\t\t<a href=\"https:\/\/blog.grupoenertel.com\/?p=158\" >\n\t\t\t\tSoluciones Digitales para empresas\t\t\t<\/a>\n\t\t<\/h4>\n\t\t\t\t<div class=\"elementor-post__excerpt\">\n\t\t\t<p>En un entorno empresarial cada vez m\u00e1s digital, contar con las herramientas adecuadas para mantener la productividad, proteger los datos<\/p>\n\t\t<\/div>\n\t\t\n\t\t<a class=\"elementor-post__read-more\" href=\"https:\/\/blog.grupoenertel.com\/?p=158\" aria-label=\"M\u00e1s informaci\u00f3n sobre Soluciones Digitales para empresas\" tabindex=\"-1\" >\n\t\t\tSeguir Leyendo\t\t<\/a>\n\n\t\t\t\t<\/div>\n\t\t\t\t\t<\/div>\n\t\t<\/article>\n\t\t\t\t<article class=\"elementor-post elementor-grid-item post-155 post type-post status-publish format-standard has-post-thumbnail hentry category-blog\">\n\t\t\t<div class=\"elementor-post__card\">\n\t\t\t\t<a class=\"elementor-post__thumbnail__link\" href=\"https:\/\/blog.grupoenertel.com\/?p=155\" tabindex=\"-1\" ><div class=\"elementor-post__thumbnail\"><img decoding=\"async\" width=\"1080\" height=\"1080\" src=\"https:\/\/blog.grupoenertel.com\/wp-content\/uploads\/2024\/09\/Grupo-Enertel-3.png\" class=\"attachment-full size-full wp-image-156\" alt=\"\" srcset=\"https:\/\/blog.grupoenertel.com\/wp-content\/uploads\/2024\/09\/Grupo-Enertel-3.png 1080w, https:\/\/blog.grupoenertel.com\/wp-content\/uploads\/2024\/09\/Grupo-Enertel-3-300x300.png 300w, https:\/\/blog.grupoenertel.com\/wp-content\/uploads\/2024\/09\/Grupo-Enertel-3-1024x1024.png 1024w, https:\/\/blog.grupoenertel.com\/wp-content\/uploads\/2024\/09\/Grupo-Enertel-3-150x150.png 150w, https:\/\/blog.grupoenertel.com\/wp-content\/uploads\/2024\/09\/Grupo-Enertel-3-768x768.png 768w, https:\/\/blog.grupoenertel.com\/wp-content\/uploads\/2024\/09\/Grupo-Enertel-3-12x12.png 12w\" sizes=\"(max-width: 1080px) 100vw, 1080px\" \/><\/div><\/a>\n\t\t\t\t<div class=\"elementor-post__text\">\n\t\t\t\t<h4 class=\"elementor-post__title\">\n\t\t\t<a href=\"https:\/\/blog.grupoenertel.com\/?p=155\" >\n\t\t\t\tConectividad y seguridad para pymes con Grupo Enertel y Vodafone Empresas\u00a0\t\t\t<\/a>\n\t\t<\/h4>\n\t\t\t\t<div class=\"elementor-post__excerpt\">\n\t\t\t<p>En la era digital, la conectividad y la seguridad tecnol\u00f3gica se han convertido en pilares fundamentales para el \u00e9xito de<\/p>\n\t\t<\/div>\n\t\t\n\t\t<a class=\"elementor-post__read-more\" href=\"https:\/\/blog.grupoenertel.com\/?p=155\" aria-label=\"M\u00e1s informaci\u00f3n sobre Conectividad y seguridad para pymes con Grupo Enertel y Vodafone Empresas\u00a0\" tabindex=\"-1\" >\n\t\t\tSeguir Leyendo\t\t<\/a>\n\n\t\t\t\t<\/div>\n\t\t\t\t\t<\/div>\n\t\t<\/article>\n\t\t\t\t<article class=\"elementor-post elementor-grid-item post-152 post type-post status-publish format-standard has-post-thumbnail hentry category-blog\">\n\t\t\t<div class=\"elementor-post__card\">\n\t\t\t\t<a class=\"elementor-post__thumbnail__link\" href=\"https:\/\/blog.grupoenertel.com\/?p=152\" tabindex=\"-1\" ><div class=\"elementor-post__thumbnail\"><img loading=\"lazy\" decoding=\"async\" width=\"1080\" height=\"1080\" src=\"https:\/\/blog.grupoenertel.com\/wp-content\/uploads\/2024\/09\/Grupo-Enertel-44.png\" class=\"attachment-full size-full wp-image-153\" alt=\"Del 5G al 6G\" srcset=\"https:\/\/blog.grupoenertel.com\/wp-content\/uploads\/2024\/09\/Grupo-Enertel-44.png 1080w, https:\/\/blog.grupoenertel.com\/wp-content\/uploads\/2024\/09\/Grupo-Enertel-44-300x300.png 300w, https:\/\/blog.grupoenertel.com\/wp-content\/uploads\/2024\/09\/Grupo-Enertel-44-1024x1024.png 1024w, https:\/\/blog.grupoenertel.com\/wp-content\/uploads\/2024\/09\/Grupo-Enertel-44-150x150.png 150w, https:\/\/blog.grupoenertel.com\/wp-content\/uploads\/2024\/09\/Grupo-Enertel-44-768x768.png 768w, https:\/\/blog.grupoenertel.com\/wp-content\/uploads\/2024\/09\/Grupo-Enertel-44-12x12.png 12w\" sizes=\"(max-width: 1080px) 100vw, 1080px\" \/><\/div><\/a>\n\t\t\t\t<div class=\"elementor-post__text\">\n\t\t\t\t<h4 class=\"elementor-post__title\">\n\t\t\t<a href=\"https:\/\/blog.grupoenertel.com\/?p=152\" >\n\t\t\t\tDe 5G A 6G: Ventajas, impacto y el futuro de la conectividad\u00a0\t\t\t<\/a>\n\t\t<\/h4>\n\t\t\t\t<div class=\"elementor-post__excerpt\">\n\t\t\t<p>El despliegue del 5G ha transformado la conectividad a nivel global, permitiendo una cobertura masiva en casi todos los rincones<\/p>\n\t\t<\/div>\n\t\t\n\t\t<a class=\"elementor-post__read-more\" href=\"https:\/\/blog.grupoenertel.com\/?p=152\" aria-label=\"M\u00e1s informaci\u00f3n sobre De 5G A 6G: Ventajas, impacto y el futuro de la conectividad\u00a0\" tabindex=\"-1\" >\n\t\t\tSeguir Leyendo\t\t<\/a>\n\n\t\t\t\t<\/div>\n\t\t\t\t\t<\/div>\n\t\t<\/article>\n\t\t\t\t<article class=\"elementor-post elementor-grid-item post-148 post type-post status-publish format-standard has-post-thumbnail hentry category-blog\">\n\t\t\t<div class=\"elementor-post__card\">\n\t\t\t\t<a class=\"elementor-post__thumbnail__link\" href=\"https:\/\/blog.grupoenertel.com\/?p=148\" tabindex=\"-1\" ><div class=\"elementor-post__thumbnail\"><img loading=\"lazy\" decoding=\"async\" width=\"1080\" height=\"1080\" src=\"https:\/\/blog.grupoenertel.com\/wp-content\/uploads\/2024\/08\/Grupo-Enertel-41.png\" class=\"attachment-full size-full wp-image-149\" alt=\"\" srcset=\"https:\/\/blog.grupoenertel.com\/wp-content\/uploads\/2024\/08\/Grupo-Enertel-41.png 1080w, https:\/\/blog.grupoenertel.com\/wp-content\/uploads\/2024\/08\/Grupo-Enertel-41-300x300.png 300w, https:\/\/blog.grupoenertel.com\/wp-content\/uploads\/2024\/08\/Grupo-Enertel-41-1024x1024.png 1024w, https:\/\/blog.grupoenertel.com\/wp-content\/uploads\/2024\/08\/Grupo-Enertel-41-150x150.png 150w, https:\/\/blog.grupoenertel.com\/wp-content\/uploads\/2024\/08\/Grupo-Enertel-41-768x768.png 768w, https:\/\/blog.grupoenertel.com\/wp-content\/uploads\/2024\/08\/Grupo-Enertel-41-12x12.png 12w\" sizes=\"(max-width: 1080px) 100vw, 1080px\" \/><\/div><\/a>\n\t\t\t\t<div class=\"elementor-post__text\">\n\t\t\t\t<h4 class=\"elementor-post__title\">\n\t\t\t<a href=\"https:\/\/blog.grupoenertel.com\/?p=148\" >\n\t\t\t\tCobertura Vodafone: La red m\u00e1s confiable de Espa\u00f1a\t\t\t<\/a>\n\t\t<\/h4>\n\t\t\t\t<div class=\"elementor-post__excerpt\">\n\t\t\t<p>En Grupo Enertel, como distribuidores oficiales de Vodafone, nos enorgullece de ofrecer a nuestros clientes la cobertura m\u00f3vil m\u00e1s confiable<\/p>\n\t\t<\/div>\n\t\t\n\t\t<a class=\"elementor-post__read-more\" href=\"https:\/\/blog.grupoenertel.com\/?p=148\" aria-label=\"M\u00e1s informaci\u00f3n sobre Cobertura Vodafone: La red m\u00e1s confiable de Espa\u00f1a\" tabindex=\"-1\" >\n\t\t\tSeguir Leyendo\t\t<\/a>\n\n\t\t\t\t<\/div>\n\t\t\t\t\t<\/div>\n\t\t<\/article>\n\t\t\t\t<article class=\"elementor-post elementor-grid-item post-143 post type-post status-publish format-standard has-post-thumbnail hentry category-blog\">\n\t\t\t<div class=\"elementor-post__card\">\n\t\t\t\t<a class=\"elementor-post__thumbnail__link\" href=\"https:\/\/blog.grupoenertel.com\/?p=143\" tabindex=\"-1\" ><div class=\"elementor-post__thumbnail\"><img loading=\"lazy\" decoding=\"async\" width=\"1080\" height=\"1080\" src=\"https:\/\/blog.grupoenertel.com\/wp-content\/uploads\/2024\/08\/Grupo-Enertel-39.png\" class=\"attachment-full size-full wp-image-144\" alt=\"\" srcset=\"https:\/\/blog.grupoenertel.com\/wp-content\/uploads\/2024\/08\/Grupo-Enertel-39.png 1080w, https:\/\/blog.grupoenertel.com\/wp-content\/uploads\/2024\/08\/Grupo-Enertel-39-300x300.png 300w, https:\/\/blog.grupoenertel.com\/wp-content\/uploads\/2024\/08\/Grupo-Enertel-39-1024x1024.png 1024w, https:\/\/blog.grupoenertel.com\/wp-content\/uploads\/2024\/08\/Grupo-Enertel-39-150x150.png 150w, https:\/\/blog.grupoenertel.com\/wp-content\/uploads\/2024\/08\/Grupo-Enertel-39-768x768.png 768w, https:\/\/blog.grupoenertel.com\/wp-content\/uploads\/2024\/08\/Grupo-Enertel-39-12x12.png 12w\" sizes=\"(max-width: 1080px) 100vw, 1080px\" \/><\/div><\/a>\n\t\t\t\t<div class=\"elementor-post__text\">\n\t\t\t\t<h4 class=\"elementor-post__title\">\n\t\t\t<a href=\"https:\/\/blog.grupoenertel.com\/?p=143\" >\n\t\t\t\tConsecuencias econ\u00f3micas de un ciberataque\u00a0\t\t\t<\/a>\n\t\t<\/h4>\n\t\t\t\t<div class=\"elementor-post__excerpt\">\n\t\t\t<p>En Grupo Enertel, distribuidores oficiales de Vodafone, entendemos la gravedad de los ciberataques y sus efectos devastadores en las empresas.<\/p>\n\t\t<\/div>\n\t\t\n\t\t<a class=\"elementor-post__read-more\" href=\"https:\/\/blog.grupoenertel.com\/?p=143\" aria-label=\"M\u00e1s informaci\u00f3n sobre Consecuencias econ\u00f3micas de un ciberataque\u00a0\" tabindex=\"-1\" >\n\t\t\tSeguir Leyendo\t\t<\/a>\n\n\t\t\t\t<\/div>\n\t\t\t\t\t<\/div>\n\t\t<\/article>\n\t\t\t\t<\/div>\n\t\t\n\t\t\t\t\t\t<\/div>\n\t\t\t\t<\/div>\n\t\t\t\t\t<\/div>\n\t\t\t\t<\/div>\n\t\t\t\t<\/div>\n\t\t","protected":false},"excerpt":{"rendered":"<p>Novedades Enertel Mantente informado siempre con nuestras novedades ofertas y art\u00edculos de inter\u00e9s. Popular Posts: Suscr\u00edbase a nuestro bolet\u00edn para estar al d\u00eda Publicaciones recientes:<\/p>\n","protected":false},"author":1,"featured_media":0,"parent":0,"menu_order":0,"comment_status":"closed","ping_status":"closed","template":"elementor_header_footer","meta":{"footnotes":""},"class_list":["post-42","page","type-page","status-publish","hentry"],"_links":{"self":[{"href":"https:\/\/blog.grupoenertel.com\/index.php?rest_route=\/wp\/v2\/pages\/42","targetHints":{"allow":["GET"]}}],"collection":[{"href":"https:\/\/blog.grupoenertel.com\/index.php?rest_route=\/wp\/v2\/pages"}],"about":[{"href":"https:\/\/blog.grupoenertel.com\/index.php?rest_route=\/wp\/v2\/types\/page"}],"author":[{"embeddable":true,"href":"https:\/\/blog.grupoenertel.com\/index.php?rest_route=\/wp\/v2\/users\/1"}],"replies":[{"embeddable":true,"href":"https:\/\/blog.grupoenertel.com\/index.php?rest_route=%2Fwp%2Fv2%2Fcomments&post=42"}],"version-history":[{"count":17,"href":"https:\/\/blog.grupoenertel.com\/index.php?rest_route=\/wp\/v2\/pages\/42\/revisions"}],"predecessor-version":[{"id":135,"href":"https:\/\/blog.grupoenertel.com\/index.php?rest_route=\/wp\/v2\/pages\/42\/revisions\/135"}],"wp:attachment":[{"href":"https:\/\/blog.grupoenertel.com\/index.php?rest_route=%2Fwp%2Fv2%2Fmedia&parent=42"}],"curies":[{"name":"wp","href":"https:\/\/api.w.org\/{rel}","templated":true}]}}